{"id":6376,"date":"2023-02-28T14:45:02","date_gmt":"2023-02-28T12:45:02","guid":{"rendered":"https:\/\/aromasfenpal.com\/producto\/cinnamon-and-orange-essential-oil\/"},"modified":"2024-09-27T12:35:52","modified_gmt":"2024-09-27T10:35:52","slug":"essential-oil-of-cinnamon-and-orange","status":"publish","type":"product","link":"https:\/\/aromasfenpal.com\/en\/cinnamon-orange-fragrance-oil\/","title":{"rendered":"Cinnamon and Orange Fragrance Oil"},"content":{"rendered":"\t\t<div data-elementor-type=\"product-post\" data-elementor-id=\"6376\" class=\"elementor elementor-6376 elementor-3930\" data-elementor-post-type=\"product\">\n\t\t\t\t<div class=\"elementor-element elementor-element-e2aa49c e-flex e-con-boxed e-con e-parent\" data-id=\"e2aa49c\" data-element_type=\"container\">\n\t\t\t\t\t<div class=\"e-con-inner\">\n\t\t\t\t<div class=\"elementor-element elementor-element-7d554b68 elementor-widget elementor-widget-text-editor\" data-id=\"7d554b68\" data-element_type=\"widget\" data-widget_type=\"text-editor.default\">\n\t\t\t\t<div class=\"elementor-widget-container\">\n\t\t\t\t\t\t\tHay aromas que han logrado convertirse en todo un cl\u00e1sico, por saber combinar frescura con dinamismo. Estas son las caracter\u00edsticas del <strong>Aceite esencial de Naranja Especiada<\/strong>, cuya f\u00f3rmula combina este c\u00edtrico con la canela, una de las especias m\u00e1s valoradas por su dulce y persistente perfume. \u00bfTe atreves con este aceite especiado?\t\t\t\t\t\t<\/div>\n\t\t\t\t<\/div>\n\t\t\t\t\t<\/div>\n\t\t\t\t<\/div>\n\t\t\t\t<\/div>\n\t\t","protected":false},"excerpt":{"rendered":"<p>Hay aromas que han logrado convertirse en todo un cl\u00e1sico, por saber combinar frescura con dinamismo. Estas son las caracter\u00edsticas del Aceite esencial de Naranja Especiada, cuya f\u00f3rmula combina este c\u00edtrico con la canela, una de las especias m\u00e1s valoradas por su dulce y persistente perfume. \u00bfTe atreves con este aceite especiado?<\/p>\n","protected":false},"featured_media":5754,"comment_status":"open","ping_status":"closed","template":"","meta":{"_joinchat":[]},"product_cat":[190],"product_tag":[191],"class_list":{"0":"post-6376","1":"product","2":"type-product","3":"status-publish","4":"has-post-thumbnail","6":"product_cat-essential-oils","7":"product_tag-cinnamon-and-orange-essential-oil","9":"first","10":"instock","11":"shipping-taxable","12":"purchasable","13":"product-type-simple"},"yoast_head":"<!-- This site is optimized with the Yoast SEO plugin v25.2 - https:\/\/yoast.com\/wordpress\/plugins\/seo\/ -->\n<title>Cinnamon and Orange Fragrance Oil | Aromas Fenpal<\/title>\n<meta name=\"description\" content=\"These are the characteristics of Spiced Orange Essential Oil, whose formula combines this citrus fruit with cinnamon, one of the most valued spices for its sweet and persistent scent.\" \/>\n<meta name=\"robots\" content=\"index, follow, max-snippet:-1, max-image-preview:large, max-video-preview:-1\" \/>\n<link rel=\"canonical\" href=\"https:\/\/aromasfenpal.com\/en\/cinnamon-orange-fragrance-oil\/\" \/>\n<meta property=\"og:locale\" content=\"en_US\" \/>\n<meta property=\"og:type\" content=\"article\" \/>\n<meta property=\"og:title\" content=\"Cinnamon and Orange Fragrance Oil | Aromas Fenpal\" \/>\n<meta property=\"og:description\" content=\"These are the characteristics of Spiced Orange Essential Oil, whose formula combines this citrus fruit with cinnamon, one of the most valued spices for its sweet and persistent scent.\" \/>\n<meta property=\"og:url\" content=\"https:\/\/aromasfenpal.com\/en\/cinnamon-orange-fragrance-oil\/\" \/>\n<meta property=\"og:site_name\" content=\"www.aromasfenpal.com\" \/>\n<meta property=\"article:modified_time\" content=\"2024-09-27T10:35:52+00:00\" \/>\n<meta property=\"og:image\" content=\"https:\/\/aromasfenpal.com\/wp-content\/uploads\/2023\/02\/aceite-esencial-de-canela-y-naranja-aromasfenpal.webp\" \/>\n\t<meta property=\"og:image:width\" content=\"1195\" \/>\n\t<meta property=\"og:image:height\" content=\"814\" \/>\n\t<meta property=\"og:image:type\" content=\"image\/webp\" \/>\n<meta name=\"twitter:card\" content=\"summary_large_image\" \/>\n<script type=\"application\/ld+json\" class=\"yoast-schema-graph\">{\"@context\":\"https:\/\/schema.org\",\"@graph\":[{\"@type\":\"WebPage\",\"@id\":\"https:\/\/aromasfenpal.com\/en\/cinnamon-orange-fragrance-oil\/\",\"url\":\"https:\/\/aromasfenpal.com\/en\/cinnamon-orange-fragrance-oil\/\",\"name\":\"Cinnamon and Orange Fragrance Oil | Aromas Fenpal\",\"isPartOf\":{\"@id\":\"https:\/\/aromasfenpal.com\/en\/#website\"},\"primaryImageOfPage\":{\"@id\":\"https:\/\/aromasfenpal.com\/en\/cinnamon-orange-fragrance-oil\/#primaryimage\"},\"image\":{\"@id\":\"https:\/\/aromasfenpal.com\/en\/cinnamon-orange-fragrance-oil\/#primaryimage\"},\"thumbnailUrl\":\"https:\/\/aromasfenpal.com\/wp-content\/uploads\/2023\/02\/aceite-esencial-de-canela-y-naranja-aromasfenpal.webp\",\"datePublished\":\"2023-02-28T12:45:02+00:00\",\"dateModified\":\"2024-09-27T10:35:52+00:00\",\"description\":\"These are the characteristics of Spiced Orange Essential Oil, whose formula combines this citrus fruit with cinnamon, one of the most valued spices for its sweet and persistent scent.\",\"breadcrumb\":{\"@id\":\"https:\/\/aromasfenpal.com\/en\/cinnamon-orange-fragrance-oil\/#breadcrumb\"},\"inLanguage\":\"en-US\",\"potentialAction\":[{\"@type\":\"ReadAction\",\"target\":[\"https:\/\/aromasfenpal.com\/en\/cinnamon-orange-fragrance-oil\/\"]}]},{\"@type\":\"ImageObject\",\"inLanguage\":\"en-US\",\"@id\":\"https:\/\/aromasfenpal.com\/en\/cinnamon-orange-fragrance-oil\/#primaryimage\",\"url\":\"https:\/\/aromasfenpal.com\/wp-content\/uploads\/2023\/02\/aceite-esencial-de-canela-y-naranja-aromasfenpal.webp\",\"contentUrl\":\"https:\/\/aromasfenpal.com\/wp-content\/uploads\/2023\/02\/aceite-esencial-de-canela-y-naranja-aromasfenpal.webp\",\"width\":1195,\"height\":814},{\"@type\":\"BreadcrumbList\",\"@id\":\"https:\/\/aromasfenpal.com\/en\/cinnamon-orange-fragrance-oil\/#breadcrumb\",\"itemListElement\":[{\"@type\":\"ListItem\",\"position\":1,\"name\":\"Aromas Fenpal\",\"item\":\"https:\/\/aromasfenpal.com\/en\/home-2\/\"},{\"@type\":\"ListItem\",\"position\":2,\"name\":\"Shop\",\"item\":\"https:\/\/aromasfenpal.com\/en\/shop\/\"},{\"@type\":\"ListItem\",\"position\":3,\"name\":\"Cinnamon and Orange Fragrance Oil\"}]},{\"@type\":\"WebSite\",\"@id\":\"https:\/\/aromasfenpal.com\/en\/#website\",\"url\":\"https:\/\/aromasfenpal.com\/en\/\",\"name\":\"www.aromasfenpal.com\",\"description\":\"Aromas Fenpal\",\"publisher\":{\"@id\":\"https:\/\/aromasfenpal.com\/en\/#organization\"},\"potentialAction\":[{\"@type\":\"SearchAction\",\"target\":{\"@type\":\"EntryPoint\",\"urlTemplate\":\"https:\/\/aromasfenpal.com\/en\/?s={search_term_string}\"},\"query-input\":{\"@type\":\"PropertyValueSpecification\",\"valueRequired\":true,\"valueName\":\"search_term_string\"}}],\"inLanguage\":\"en-US\"},{\"@type\":\"Organization\",\"@id\":\"https:\/\/aromasfenpal.com\/en\/#organization\",\"name\":\"www.aromasfenpal.com\",\"url\":\"https:\/\/aromasfenpal.com\/en\/\",\"logo\":{\"@type\":\"ImageObject\",\"inLanguage\":\"en-US\",\"@id\":\"https:\/\/aromasfenpal.com\/en\/#\/schema\/logo\/image\/\",\"url\":\"https:\/\/aromasfenpal.com\/wp-content\/uploads\/2023\/11\/logo-fenpal-26.png\",\"contentUrl\":\"https:\/\/aromasfenpal.com\/wp-content\/uploads\/2023\/11\/logo-fenpal-26.png\",\"width\":665,\"height\":89,\"caption\":\"www.aromasfenpal.com\"},\"image\":{\"@id\":\"https:\/\/aromasfenpal.com\/en\/#\/schema\/logo\/image\/\"}}]}<\/script>\n<!-- \/ Yoast SEO plugin. -->","yoast_head_json":{"title":"Cinnamon and Orange Fragrance Oil | Aromas Fenpal","description":"These are the characteristics of Spiced Orange Essential Oil, whose formula combines this citrus fruit with cinnamon, one of the most valued spices for its sweet and persistent scent.","robots":{"index":"index","follow":"follow","max-snippet":"max-snippet:-1","max-image-preview":"max-image-preview:large","max-video-preview":"max-video-preview:-1"},"canonical":"https:\/\/aromasfenpal.com\/en\/cinnamon-orange-fragrance-oil\/","og_locale":"en_US","og_type":"article","og_title":"Cinnamon and Orange Fragrance Oil | Aromas Fenpal","og_description":"These are the characteristics of Spiced Orange Essential Oil, whose formula combines this citrus fruit with cinnamon, one of the most valued spices for its sweet and persistent scent.","og_url":"https:\/\/aromasfenpal.com\/en\/cinnamon-orange-fragrance-oil\/","og_site_name":"www.aromasfenpal.com","article_modified_time":"2024-09-27T10:35:52+00:00","og_image":[{"width":1195,"height":814,"url":"https:\/\/aromasfenpal.com\/wp-content\/uploads\/2023\/02\/aceite-esencial-de-canela-y-naranja-aromasfenpal.webp","type":"image\/webp"}],"twitter_card":"summary_large_image","schema":{"@context":"https:\/\/schema.org","@graph":[{"@type":"WebPage","@id":"https:\/\/aromasfenpal.com\/en\/cinnamon-orange-fragrance-oil\/","url":"https:\/\/aromasfenpal.com\/en\/cinnamon-orange-fragrance-oil\/","name":"Cinnamon and Orange Fragrance Oil | Aromas Fenpal","isPartOf":{"@id":"https:\/\/aromasfenpal.com\/en\/#website"},"primaryImageOfPage":{"@id":"https:\/\/aromasfenpal.com\/en\/cinnamon-orange-fragrance-oil\/#primaryimage"},"image":{"@id":"https:\/\/aromasfenpal.com\/en\/cinnamon-orange-fragrance-oil\/#primaryimage"},"thumbnailUrl":"https:\/\/aromasfenpal.com\/wp-content\/uploads\/2023\/02\/aceite-esencial-de-canela-y-naranja-aromasfenpal.webp","datePublished":"2023-02-28T12:45:02+00:00","dateModified":"2024-09-27T10:35:52+00:00","description":"These are the characteristics of Spiced Orange Essential Oil, whose formula combines this citrus fruit with cinnamon, one of the most valued spices for its sweet and persistent scent.","breadcrumb":{"@id":"https:\/\/aromasfenpal.com\/en\/cinnamon-orange-fragrance-oil\/#breadcrumb"},"inLanguage":"en-US","potentialAction":[{"@type":"ReadAction","target":["https:\/\/aromasfenpal.com\/en\/cinnamon-orange-fragrance-oil\/"]}]},{"@type":"ImageObject","inLanguage":"en-US","@id":"https:\/\/aromasfenpal.com\/en\/cinnamon-orange-fragrance-oil\/#primaryimage","url":"https:\/\/aromasfenpal.com\/wp-content\/uploads\/2023\/02\/aceite-esencial-de-canela-y-naranja-aromasfenpal.webp","contentUrl":"https:\/\/aromasfenpal.com\/wp-content\/uploads\/2023\/02\/aceite-esencial-de-canela-y-naranja-aromasfenpal.webp","width":1195,"height":814},{"@type":"BreadcrumbList","@id":"https:\/\/aromasfenpal.com\/en\/cinnamon-orange-fragrance-oil\/#breadcrumb","itemListElement":[{"@type":"ListItem","position":1,"name":"Aromas Fenpal","item":"https:\/\/aromasfenpal.com\/en\/home-2\/"},{"@type":"ListItem","position":2,"name":"Shop","item":"https:\/\/aromasfenpal.com\/en\/shop\/"},{"@type":"ListItem","position":3,"name":"Cinnamon and Orange Fragrance Oil"}]},{"@type":"WebSite","@id":"https:\/\/aromasfenpal.com\/en\/#website","url":"https:\/\/aromasfenpal.com\/en\/","name":"www.aromasfenpal.com","description":"Aromas Fenpal","publisher":{"@id":"https:\/\/aromasfenpal.com\/en\/#organization"},"potentialAction":[{"@type":"SearchAction","target":{"@type":"EntryPoint","urlTemplate":"https:\/\/aromasfenpal.com\/en\/?s={search_term_string}"},"query-input":{"@type":"PropertyValueSpecification","valueRequired":true,"valueName":"search_term_string"}}],"inLanguage":"en-US"},{"@type":"Organization","@id":"https:\/\/aromasfenpal.com\/en\/#organization","name":"www.aromasfenpal.com","url":"https:\/\/aromasfenpal.com\/en\/","logo":{"@type":"ImageObject","inLanguage":"en-US","@id":"https:\/\/aromasfenpal.com\/en\/#\/schema\/logo\/image\/","url":"https:\/\/aromasfenpal.com\/wp-content\/uploads\/2023\/11\/logo-fenpal-26.png","contentUrl":"https:\/\/aromasfenpal.com\/wp-content\/uploads\/2023\/11\/logo-fenpal-26.png","width":665,"height":89,"caption":"www.aromasfenpal.com"},"image":{"@id":"https:\/\/aromasfenpal.com\/en\/#\/schema\/logo\/image\/"}}]}},"_links":{"self":[{"href":"https:\/\/aromasfenpal.com\/en\/wp-json\/wp\/v2\/product\/6376","targetHints":{"allow":["GET"]}}],"collection":[{"href":"https:\/\/aromasfenpal.com\/en\/wp-json\/wp\/v2\/product"}],"about":[{"href":"https:\/\/aromasfenpal.com\/en\/wp-json\/wp\/v2\/types\/product"}],"replies":[{"embeddable":true,"href":"https:\/\/aromasfenpal.com\/en\/wp-json\/wp\/v2\/comments?post=6376"}],"version-history":[{"count":8,"href":"https:\/\/aromasfenpal.com\/en\/wp-json\/wp\/v2\/product\/6376\/revisions"}],"predecessor-version":[{"id":12831,"href":"https:\/\/aromasfenpal.com\/en\/wp-json\/wp\/v2\/product\/6376\/revisions\/12831"}],"wp:featuredmedia":[{"embeddable":true,"href":"https:\/\/aromasfenpal.com\/en\/wp-json\/wp\/v2\/media\/5754"}],"wp:attachment":[{"href":"https:\/\/aromasfenpal.com\/en\/wp-json\/wp\/v2\/media?parent=6376"}],"wp:term":[{"taxonomy":"product_cat","embeddable":true,"href":"https:\/\/aromasfenpal.com\/en\/wp-json\/wp\/v2\/product_cat?post=6376"},{"taxonomy":"product_tag","embeddable":true,"href":"https:\/\/aromasfenpal.com\/en\/wp-json\/wp\/v2\/product_tag?post=6376"}],"curies":[{"name":"wp","href":"https:\/\/api.w.org\/{rel}","templated":true}]}}